{"id":405,"date":"2017-06-29T10:52:23","date_gmt":"2017-06-29T10:52:23","guid":{"rendered":"http:\/\/www.xtresmataro.com\/es\/les-nostres-sales\/"},"modified":"2025-02-28T21:21:41","modified_gmt":"2025-02-28T21:21:41","slug":"nuestras-salas","status":"publish","type":"page","link":"https:\/\/www.xtresmataro.com\/es\/nuestras-salas\/","title":{"rendered":"Nuestras salas"},"content":{"rendered":"<p>[et_pb_section fb_built=\u00bb1&#8243; fullwidth=\u00bbon\u00bb admin_label=\u00bbSecci\u00f3n\u00bb module_class=\u00bbcabecera_apartado\u00bb _builder_version=\u00bb4.23&#8243; background_color=\u00bbrgba(255,255,255,0)\u00bb animation_style=\u00bbfade\u00bb transparent_background=\u00bbon\u00bb make_fullwidth=\u00bboff\u00bb use_custom_width=\u00bboff\u00bb width_unit=\u00bbon\u00bb global_colors_info=\u00bb{}\u00bb][et_pb_fullwidth_header title=\u00bbNuestras Salas\u00bb text_orientation=\u00bbcenter\u00bb header_fullscreen=\u00bbon\u00bb content_max_width=\u00bbnone\u00bb admin_label=\u00bbT\u00edtulo de anchura completa\u00bb _builder_version=\u00bb4.23&#8243; title_font_size=\u00bb60px\u00bb content_font_size=\u00bb27px\u00bb subhead_font_size=\u00bb30px\u00bb background_color=\u00bbrgba(255, 255, 255, 0)\u00bb background_image=\u00bbhttps:\/\/www.xtresmataro.com\/wp-content\/uploads\/2017\/06\/xtres-sello.jpg\u00bb title_font_size_tablet=\u00bb\u00bb title_font_size_phone=\u00bb30px\u00bb title_font_size_last_edited=\u00bbon|desktop\u00bb content_font_size_tablet=\u00bb\u00bb content_font_size_phone=\u00bb18px\u00bb content_font_size_last_edited=\u00bbon|phone\u00bb subhead_font_size_tablet=\u00bb22px\u00bb subhead_font_size_phone=\u00bb17px\u00bb subhead_font_size_last_edited=\u00bbon|phone\u00bb background_url=\u00bb\/wp-content\/uploads\/2017\/06\/IMG_4740.jpg\u00bb button_one_letter_spacing_hover=\u00bb0&#8243; button_two_letter_spacing_hover=\u00bb0&#8243; global_colors_info=\u00bb{}\u00bb button_one_text_size__hover_enabled=\u00bboff\u00bb button_two_text_size__hover_enabled=\u00bboff\u00bb button_one_text_color__hover_enabled=\u00bboff\u00bb button_two_text_color__hover_enabled=\u00bboff\u00bb button_one_border_width__hover_enabled=\u00bboff\u00bb button_two_border_width__hover_enabled=\u00bboff\u00bb button_one_border_color__hover_enabled=\u00bboff\u00bb button_two_border_color__hover_enabled=\u00bboff\u00bb button_one_border_radius__hover_enabled=\u00bboff\u00bb button_two_border_radius__hover_enabled=\u00bboff\u00bb button_one_letter_spacing__hover_enabled=\u00bbon\u00bb button_one_letter_spacing__hover=\u00bb0&#8243; button_two_letter_spacing__hover_enabled=\u00bbon\u00bb button_two_letter_spacing__hover=\u00bb0&#8243; button_one_bg_color__hover_enabled=\u00bboff\u00bb button_two_bg_color__hover_enabled=\u00bboff\u00bb][\/et_pb_fullwidth_header][\/et_pb_section][et_pb_section fb_built=\u00bb1&#8243; admin_label=\u00bbsection\u00bb _builder_version=\u00bb4.16&#8243; animation_style=\u00bbfade\u00bb transparent_background=\u00bboff\u00bb make_fullwidth=\u00bboff\u00bb use_custom_width=\u00bboff\u00bb width_unit=\u00bbon\u00bb global_colors_info=\u00bb{}\u00bb][et_pb_row admin_label=\u00bbFila\u00bb _builder_version=\u00bb4.16&#8243; background_size=\u00bbinitial\u00bb background_position=\u00bbtop_left\u00bb background_repeat=\u00bbrepeat\u00bb global_colors_info=\u00bb{}\u00bb][et_pb_column type=\u00bb4_4&#8243; _builder_version=\u00bb4.16&#8243; custom_padding=\u00bb|||\u00bb global_colors_info=\u00bb{}\u00bb custom_padding__hover=\u00bb|||\u00bb][et_pb_text admin_label=\u00bbT\u00edtulo 1&#8243; _builder_version=\u00bb4.16&#8243; background_size=\u00bbinitial\u00bb background_position=\u00bbtop_left\u00bb background_repeat=\u00bbrepeat\u00bb use_border_color=\u00bboff\u00bb border_color=\u00bb#ffffff\u00bb border_style=\u00bbsolid\u00bb global_colors_info=\u00bb{}\u00bb]<\/p>\n<h2 class=\"titulo_dorado_paginas\">Un nuevo concepto en salas privadas<\/h2>\n<p>[\/et_pb_text][\/et_pb_column][\/et_pb_row][et_pb_row admin_label=\u00bbFila\u00bb _builder_version=\u00bb4.16&#8243; background_size=\u00bbinitial\u00bb background_position=\u00bbtop_left\u00bb background_repeat=\u00bbrepeat\u00bb global_colors_info=\u00bb{}\u00bb][et_pb_column type=\u00bb4_4&#8243; _builder_version=\u00bb4.16&#8243; custom_padding=\u00bb|||\u00bb global_colors_info=\u00bb{}\u00bb custom_padding__hover=\u00bb|||\u00bb][et_pb_text admin_label=\u00bbContenido texto\u00bb _builder_version=\u00bb4.23&#8243; background_size=\u00bbinitial\u00bb background_position=\u00bbtop_left\u00bb background_repeat=\u00bbrepeat\u00bb use_border_color=\u00bboff\u00bb border_color=\u00bb#ffffff\u00bb border_style=\u00bbsolid\u00bb global_colors_info=\u00bb{}\u00bb]<\/p>\n<p><strong>XTR3S ofrece una nueva forma de ocio para las tardes y noches de fin de semana y v\u00edsperas de festivos, para todo tipo de eventos (cumplea\u00f1os, empresas, etc.), con total disponibilidad, previa reserva.<\/strong><\/p>\n<p>Inspirados en el alquiler de espacios para fiestas infantiles, trasladamos esta idea al p\u00fablico joven\/adulto y ofrecemos salas acogedoras y privadas, con servicio de bar y cenas, como alternativa de ocio para que nuestros clientes puedan encontrar un lugar original y diferente donde divertirse en un espacio privado.<\/p>\n<p>En nuestras salas privadas, con capacidad desde 4 hasta 20 personas, podr\u00e1s encontrar un espacio a tu medida para pasar un rato divertido, perfecto y diferente. Tambi\u00e9n disponemos de la sala LOUNGE con capacidad de hasta 40 personas para grandes eventos.<\/p>\n<p>[\/et_pb_text][\/et_pb_column][\/et_pb_row][et_pb_row admin_label=\u00bbRow\u00bb _builder_version=\u00bb4.16&#8243; background_size=\u00bbinitial\u00bb background_position=\u00bbtop_left\u00bb background_repeat=\u00bbrepeat\u00bb global_colors_info=\u00bb{}\u00bb][et_pb_column type=\u00bb4_4&#8243; _builder_version=\u00bb4.16&#8243; custom_padding=\u00bb|||\u00bb global_colors_info=\u00bb{}\u00bb custom_padding__hover=\u00bb|||\u00bb][et_pb_image src=\u00bbhttps:\/\/www.xtresmataro.com\/wp-content\/uploads\/2017\/06\/karaoke-xtres-02.jpg\u00bb title_text=\u00bbkaraoke-xtres-02&#8243; align_tablet=\u00bbcenter\u00bb align_phone=\u00bbcenter\u00bb align_last_edited=\u00bbon|desktop\u00bb admin_label=\u00bbImage sello xtres\u00bb _builder_version=\u00bb4.23&#8243; animation_style=\u00bbfade\u00bb animation_duration=\u00bb500ms\u00bb use_border_color=\u00bboff\u00bb border_color=\u00bb#ffffff\u00bb border_style=\u00bbsolid\u00bb animation=\u00bbfade_in\u00bb sticky=\u00bboff\u00bb always_center_on_mobile=\u00bbon\u00bb global_colors_info=\u00bb{}\u00bb][\/et_pb_image][\/et_pb_column][\/et_pb_row][et_pb_row admin_label=\u00bbFila\u00bb _builder_version=\u00bb4.16&#8243; background_size=\u00bbinitial\u00bb background_position=\u00bbtop_left\u00bb background_repeat=\u00bbrepeat\u00bb global_colors_info=\u00bb{}\u00bb][et_pb_column type=\u00bb4_4&#8243; _builder_version=\u00bb4.16&#8243; custom_padding=\u00bb|||\u00bb global_colors_info=\u00bb{}\u00bb custom_padding__hover=\u00bb|||\u00bb][et_pb_text admin_label=\u00bbT\u00edtulo 2&#8243; _builder_version=\u00bb4.16&#8243; background_size=\u00bbinitial\u00bb background_position=\u00bbtop_left\u00bb background_repeat=\u00bbrepeat\u00bb use_border_color=\u00bboff\u00bb border_color=\u00bb#ffffff\u00bb border_style=\u00bbsolid\u00bb global_colors_info=\u00bb{}\u00bb]<\/p>\n<h2 class=\"titulo_dorado_paginas\">Espacios privados para ti<\/h2>\n<p>[\/et_pb_text][\/et_pb_column][\/et_pb_row][\/et_pb_section][et_pb_section fb_built=\u00bb1&#8243; admin_label=\u00bbSecci\u00f3n\u00bb module_class=\u00bbbloque_servicios gris_clarito_bg\u00bb _builder_version=\u00bb4.16&#8243; animation_style=\u00bbfade\u00bb transparent_background=\u00bboff\u00bb make_fullwidth=\u00bboff\u00bb use_custom_width=\u00bboff\u00bb width_unit=\u00bbon\u00bb global_colors_info=\u00bb{}\u00bb][et_pb_row column_structure=\u00bb1_2,1_2&#8243; make_equal=\u00bbon\u00bb admin_label=\u00bbFila\u00bb _builder_version=\u00bb4.16&#8243; background_size=\u00bbinitial\u00bb background_position=\u00bbtop_left\u00bb background_repeat=\u00bbrepeat\u00bb make_fullwidth=\u00bboff\u00bb use_custom_width=\u00bboff\u00bb width_unit=\u00bbon\u00bb global_colors_info=\u00bb{}\u00bb][et_pb_column type=\u00bb1_2&#8243; _builder_version=\u00bb4.16&#8243; custom_padding=\u00bb|||\u00bb global_colors_info=\u00bb{}\u00bb custom_padding__hover=\u00bb|||\u00bb][et_pb_image src=\u00bbhttps:\/\/www.xtresmataro.com\/wp-content\/uploads\/2023\/10\/salavip.jpg\u00bb title_text=\u00bbsalavip\u00bb align_tablet=\u00bbcenter\u00bb align_phone=\u00bbcenter\u00bb align_last_edited=\u00bbon|desktop\u00bb admin_label=\u00bbImagen karaoke\u00bb _builder_version=\u00bb4.23&#8243; animation_style=\u00bbslide\u00bb animation_direction=\u00bbleft\u00bb animation_duration=\u00bb500ms\u00bb animation_intensity_slide=\u00bb10%\u00bb use_border_color=\u00bboff\u00bb border_color=\u00bb#ffffff\u00bb border_style=\u00bbsolid\u00bb animation=\u00bbleft\u00bb sticky=\u00bboff\u00bb always_center_on_mobile=\u00bbon\u00bb global_colors_info=\u00bb{}\u00bb][\/et_pb_image][\/et_pb_column][et_pb_column type=\u00bb1_2&#8243; _builder_version=\u00bb4.16&#8243; custom_padding=\u00bb|||\u00bb global_colors_info=\u00bb{}\u00bb custom_padding__hover=\u00bb|||\u00bb][et_pb_text admin_label=\u00bbTexto\u00bb module_class=\u00bbcentradoTotal\u00bb _builder_version=\u00bb4.23&#8243; background_size=\u00bbinitial\u00bb background_position=\u00bbtop_left\u00bb background_repeat=\u00bbrepeat\u00bb use_border_color=\u00bboff\u00bb border_color=\u00bb#ffffff\u00bb border_style=\u00bbsolid\u00bb global_colors_info=\u00bb{}\u00bb]<\/p>\n<h3>Karaoke<\/h3>\n<p>En nuestras salas podr\u00e1s cantar en privado con nuestro karaoke profesional con el mejor repertorio actualizado semanalmente. El mejor equipo de sonido y un poquito de tu parte se encargar\u00e1n de convertirte en una aut\u00e9ntica estrella. \u00a1Ahora, la verg\u00fcenza ya no ser\u00e1 una excusa!<\/p>\n<p>[\/et_pb_text][\/et_pb_column][\/et_pb_row][et_pb_row _builder_version=\u00bb4.23&#8243; _module_preset=\u00bbdefault\u00bb global_colors_info=\u00bb{}\u00bb][et_pb_column type=\u00bb4_4&#8243; _builder_version=\u00bb4.23&#8243; _module_preset=\u00bbdefault\u00bb global_colors_info=\u00bb{}\u00bb][et_pb_cta _builder_version=\u00bb4.23&#8243; _module_preset=\u00bbdefault\u00bb background_color=\u00bbRGBA(255,255,255,0)\u00bb global_colors_info=\u00bb{}\u00bb][\/et_pb_cta][\/et_pb_column][\/et_pb_row][et_pb_row column_structure=\u00bb1_5,3_5,1_5&#8243; _builder_version=\u00bb4.23&#8243; _module_preset=\u00bbdefault\u00bb global_colors_info=\u00bb{}\u00bb][et_pb_column type=\u00bb1_5&#8243; _builder_version=\u00bb4.23&#8243; _module_preset=\u00bbdefault\u00bb global_colors_info=\u00bb{}\u00bb][\/et_pb_column][et_pb_column type=\u00bb3_5&#8243; _builder_version=\u00bb4.23&#8243; _module_preset=\u00bbdefault\u00bb global_colors_info=\u00bb{}\u00bb][et_pb_text admin_label=\u00bbLlistat serveis sales\u00bb _builder_version=\u00bb4.23&#8243; background_size=\u00bbinitial\u00bb background_position=\u00bbtop_left\u00bb background_repeat=\u00bbrepeat\u00bb module_alignment=\u00bbcenter\u00bb use_border_color=\u00bboff\u00bb border_color=\u00bb#ffffff\u00bb border_style=\u00bbsolid\u00bb global_colors_info=\u00bb{}\u00bb]<\/p>\n<p>Cada una de nuestras salas dispone de:<\/p>\n<p>&nbsp;<\/p>\n<ul>\n<li>Servicio de bar y cenas en la misma sala con sistema de pulsador de aviso al camarero.<\/li>\n<li>Grabaci\u00f3n de tu videoclip con sonido e imagen profesional (SALA VIP)<\/li>\n<li>Microfon\u00eda profesional inal\u00e1mbrica (SALA VIP)<\/li>\n<li>Gran escenario (SALA VIP)<\/li>\n<li>Karaoke profesional privado con un repertorio de m\u00e1s de 30.000 canciones en 6 idiomas actualizado semanalmente.<\/li>\n<li>Equipo de sonido profesional LD con 350w de potencia.<\/li>\n<li>Conexi\u00f3n para tu smartphone directamente a nuestro equipo de sonido. (Conexi\u00f3n con USB-C sala VIP excluida )<\/li>\n<li>Pantallas de TV.<\/li>\n<li>Wifi gratuito.<\/li>\n<li>Organizaci\u00f3n y catering para eventos.<\/li>\n<\/ul>\n<p>[\/et_pb_text][\/et_pb_column][et_pb_column type=\u00bb1_5&#8243; _builder_version=\u00bb4.23&#8243; _module_preset=\u00bbdefault\u00bb global_colors_info=\u00bb{}\u00bb][\/et_pb_column][\/et_pb_row][et_pb_row _builder_version=\u00bb4.23&#8243; _module_preset=\u00bbdefault\u00bb global_colors_info=\u00bb{}\u00bb][et_pb_column type=\u00bb4_4&#8243; _builder_version=\u00bb4.23&#8243; _module_preset=\u00bbdefault\u00bb global_colors_info=\u00bb{}\u00bb][et_pb_cta _builder_version=\u00bb4.23&#8243; _module_preset=\u00bbdefault\u00bb background_color=\u00bbRGBA(255,255,255,0)\u00bb global_colors_info=\u00bb{}\u00bb][\/et_pb_cta][\/et_pb_column][\/et_pb_row][et_pb_row column_structure=\u00bb1_2,1_2&#8243; make_equal=\u00bbon\u00bb disabled_on=\u00bbon|on|on\u00bb admin_label=\u00bbFila\u00bb _builder_version=\u00bb4.16&#8243; background_size=\u00bbinitial\u00bb background_position=\u00bbtop_left\u00bb background_repeat=\u00bbrepeat\u00bb make_fullwidth=\u00bboff\u00bb use_custom_width=\u00bboff\u00bb width_unit=\u00bbon\u00bb disabled=\u00bbon\u00bb global_colors_info=\u00bb{}\u00bb][et_pb_column type=\u00bb1_2&#8243; _builder_version=\u00bb4.16&#8243; custom_padding=\u00bb|||\u00bb global_colors_info=\u00bb{}\u00bb custom_padding__hover=\u00bb|||\u00bb][et_pb_image src=\u00bb\/wp-content\/uploads\/2017\/06\/vr-xtres-03.jpg\u00bb align_tablet=\u00bbcenter\u00bb align_phone=\u00bbcenter\u00bb align_last_edited=\u00bbon|desktop\u00bb admin_label=\u00bbImagen\u00bb _builder_version=\u00bb4.16&#8243; animation_style=\u00bbslide\u00bb animation_direction=\u00bbright\u00bb animation_duration=\u00bb500ms\u00bb animation_intensity_slide=\u00bb10%\u00bb use_border_color=\u00bboff\u00bb border_color=\u00bb#ffffff\u00bb border_style=\u00bbsolid\u00bb animation=\u00bbright\u00bb sticky=\u00bboff\u00bb always_center_on_mobile=\u00bbon\u00bb global_colors_info=\u00bb{}\u00bb][\/et_pb_image][\/et_pb_column][et_pb_column type=\u00bb1_2&#8243; _builder_version=\u00bb4.16&#8243; custom_padding=\u00bb|||\u00bb global_colors_info=\u00bb{}\u00bb custom_padding__hover=\u00bb|||\u00bb][et_pb_text admin_label=\u00bbTexto\u00bb module_class=\u00bbcentradoTotal\u00bb _builder_version=\u00bb4.16&#8243; background_size=\u00bbinitial\u00bb background_position=\u00bbtop_left\u00bb background_repeat=\u00bbrepeat\u00bb use_border_color=\u00bboff\u00bb border_color=\u00bb#ffffff\u00bb border_style=\u00bbsolid\u00bb global_colors_info=\u00bb{}\u00bb]<\/p>\n<h3>Realidad Virtual<\/h3>\n<p>\u00bfHas experimentado las \u00faltimas novedades en realidad virtual? Ponemos a tu disposici\u00f3n la mejor tecnolog\u00eda en realidad virtual. M\u00e1s de 40 experiencias para elegir, para todos los p\u00fablicos a partir de los 8 a\u00f1os. Porque la sentir\u00e1s y la vivir\u00e1s de una forma que nunca hubieras imaginado, desde una inmersi\u00f3n por el fondo del oc\u00e9ano hasta vivir trepidantes aventuras solo o acompa\u00f1ado.<\/p>\n<p>A continuaci\u00f3n te mostramos algunas de estas experiencias. \u00bfTe atreves a probarlo?<\/p>\n<p>[\/et_pb_text][\/et_pb_column][\/et_pb_row][et_pb_row column_structure=\u00bb1_2,1_2&#8243; make_equal=\u00bbon\u00bb admin_label=\u00bbFila\u00bb _builder_version=\u00bb4.16&#8243; background_size=\u00bbinitial\u00bb background_position=\u00bbtop_left\u00bb background_repeat=\u00bbrepeat\u00bb make_fullwidth=\u00bboff\u00bb use_custom_width=\u00bboff\u00bb width_unit=\u00bbon\u00bb global_colors_info=\u00bb{}\u00bb][et_pb_column type=\u00bb1_2&#8243; _builder_version=\u00bb4.16&#8243; custom_padding=\u00bb|||\u00bb global_colors_info=\u00bb{}\u00bb custom_padding__hover=\u00bb|||\u00bb][et_pb_image src=\u00bb\/wp-content\/uploads\/2017\/06\/sales_xtres.jpg\u00bb align_tablet=\u00bbcenter\u00bb align_phone=\u00bbcenter\u00bb align_last_edited=\u00bbon|desktop\u00bb admin_label=\u00bbImagen\u00bb _builder_version=\u00bb4.16&#8243; animation_style=\u00bbslide\u00bb animation_direction=\u00bbleft\u00bb animation_duration=\u00bb500ms\u00bb animation_intensity_slide=\u00bb10%\u00bb use_border_color=\u00bboff\u00bb border_color=\u00bb#ffffff\u00bb border_style=\u00bbsolid\u00bb animation=\u00bbleft\u00bb sticky=\u00bboff\u00bb always_center_on_mobile=\u00bbon\u00bb global_colors_info=\u00bb{}\u00bb][\/et_pb_image][\/et_pb_column][et_pb_column type=\u00bb1_2&#8243; _builder_version=\u00bb4.16&#8243; custom_padding=\u00bb|||\u00bb global_colors_info=\u00bb{}\u00bb custom_padding__hover=\u00bb|||\u00bb][et_pb_text admin_label=\u00bbTexto\u00bb module_class=\u00bbcentradoTotal\u00bb _builder_version=\u00bb4.23&#8243; background_size=\u00bbinitial\u00bb background_position=\u00bbtop_left\u00bb background_repeat=\u00bbrepeat\u00bb use_border_color=\u00bboff\u00bb border_color=\u00bb#ffffff\u00bb border_style=\u00bbsolid\u00bb global_colors_info=\u00bb{}\u00bb]<\/p>\n<h3>Privacidad<\/h3>\n<p>En nuestras salas privadas, con capacidad desde 4 hasta 20 personas, podr\u00e1s encontrar un espacio a tu medida para pasar una noche divertida, perfecta y diferente.<\/p>\n<p>[\/et_pb_text][\/et_pb_column][\/et_pb_row][\/et_pb_section][et_pb_section fb_built=\u00bb1&#8243; inner_shadow=\u00bbon\u00bb admin_label=\u00bbsection\u00bb module_class=\u00bboro_bg\u00bb _builder_version=\u00bb4.16&#8243; background_color=\u00bbrgba(255,255,255,0)\u00bb animation_style=\u00bbfade\u00bb transparent_background=\u00bbon\u00bb make_fullwidth=\u00bboff\u00bb use_custom_width=\u00bboff\u00bb width_unit=\u00bbon\u00bb global_colors_info=\u00bb{}\u00bb][et_pb_row admin_label=\u00bbrow\u00bb _builder_version=\u00bb4.16&#8243; background_size=\u00bbinitial\u00bb background_position=\u00bbtop_left\u00bb background_repeat=\u00bbrepeat\u00bb global_colors_info=\u00bb{}\u00bb][et_pb_column type=\u00bb4_4&#8243; _builder_version=\u00bb4.16&#8243; custom_padding=\u00bb|||\u00bb global_colors_info=\u00bb{}\u00bb custom_padding__hover=\u00bb|||\u00bb][et_pb_cta button_url=\u00bbhttps:\/\/www.xtresmataro.com\/es\/reservas\/\u00bb button_text=\u00bbReserva\u00bb admin_label=\u00bbCall To Action\u00bb module_id=\u00bbcta_nuestrassalas\u00bb _builder_version=\u00bb4.16&#8243; use_background_color=\u00bboff\u00bb background_size=\u00bbinitial\u00bb background_position=\u00bbtop_left\u00bb background_repeat=\u00bbrepeat\u00bb background_layout=\u00bblight\u00bb use_border_color=\u00bboff\u00bb border_color=\u00bb#ffffff\u00bb border_style=\u00bbsolid\u00bb button_letter_spacing_hover=\u00bb0&#8243; global_colors_info=\u00bb{}\u00bb button_text_size__hover_enabled=\u00bboff\u00bb button_one_text_size__hover_enabled=\u00bboff\u00bb button_two_text_size__hover_enabled=\u00bboff\u00bb button_text_color__hover_enabled=\u00bboff\u00bb button_one_text_color__hover_enabled=\u00bboff\u00bb button_two_text_color__hover_enabled=\u00bboff\u00bb button_border_width__hover_enabled=\u00bboff\u00bb button_one_border_width__hover_enabled=\u00bboff\u00bb button_two_border_width__hover_enabled=\u00bboff\u00bb button_border_color__hover_enabled=\u00bboff\u00bb button_one_border_color__hover_enabled=\u00bboff\u00bb button_two_border_color__hover_enabled=\u00bboff\u00bb button_border_radius__hover_enabled=\u00bboff\u00bb button_one_border_radius__hover_enabled=\u00bboff\u00bb button_two_border_radius__hover_enabled=\u00bboff\u00bb button_letter_spacing__hover_enabled=\u00bbon\u00bb button_letter_spacing__hover=\u00bb0&#8243; button_one_letter_spacing__hover_enabled=\u00bboff\u00bb button_two_letter_spacing__hover_enabled=\u00bboff\u00bb button_bg_color__hover_enabled=\u00bboff\u00bb button_one_bg_color__hover_enabled=\u00bboff\u00bb button_two_bg_color__hover_enabled=\u00bboff\u00bb]<\/p>\n<h2 class=\"txt_leisure\">Leisure is changing<\/h2>\n<p>[\/et_pb_cta][\/et_pb_column][\/et_pb_row][\/et_pb_section]<\/p>\n","protected":false},"excerpt":{"rendered":"<p>Un nuevo concepto en salas privadas XTR3S ofrece una nueva forma de ocio para las tardes y noches de fin de semana y v\u00edsperas de festivos, para todo tipo de eventos (cumplea\u00f1os, empresas, etc.), con total disponibilidad, previa reserva. Inspirados en el alquiler de espacios para fiestas infantiles, trasladamos esta idea al p\u00fablico joven\/adulto y [&hellip;]<\/p>\n","protected":false},"author":1,"featured_media":0,"parent":0,"menu_order":0,"comment_status":"closed","ping_status":"closed","template":"","meta":{"_et_pb_use_builder":"on","_et_pb_old_content":"","_et_gb_content_width":"","footnotes":""},"class_list":["post-405","page","type-page","status-publish","hentry"],"yoast_head":"<!-- This site is optimized with the Yoast SEO plugin v27.5 - https:\/\/yoast.com\/product\/yoast-seo-wordpress\/ -->\n<title>Salas privadas con karaoke y realidad virtual | XTR3S Matar\u00f3<\/title>\n<meta name=\"description\" content=\"Disfruta de nuestras salas privadas ideales para eventos especiales, karaoke, realidad virtual y mucho m\u00e1s. \u00a1Vis\u00edtanos en Matar\u00f3, a pocos Km de Barcelona!\" \/>\n<meta name=\"robots\" content=\"index, follow, max-snippet:-1, max-image-preview:large, max-video-preview:-1\" \/>\n<link rel=\"canonical\" href=\"https:\/\/www.xtresmataro.com\/es\/nuestras-salas\/\" \/>\n<meta property=\"og:locale\" content=\"es_ES\" \/>\n<meta property=\"og:type\" content=\"article\" \/>\n<meta property=\"og:title\" content=\"Salas privadas con karaoke y realidad virtual | XTR3S Matar\u00f3\" \/>\n<meta property=\"og:description\" content=\"Disfruta de nuestras salas privadas ideales para eventos especiales, karaoke, realidad virtual y mucho m\u00e1s. \u00a1Vis\u00edtanos en Matar\u00f3, a pocos Km de Barcelona!\" \/>\n<meta property=\"og:url\" content=\"https:\/\/www.xtresmataro.com\/es\/nuestras-salas\/\" \/>\n<meta property=\"og:site_name\" content=\"XTR3S Matar\u00f3 - Private Party Lounges\" \/>\n<meta property=\"article:modified_time\" content=\"2025-02-28T21:21:41+00:00\" \/>\n<meta name=\"twitter:card\" content=\"summary_large_image\" \/>\n<meta name=\"twitter:label1\" content=\"Tiempo de lectura\" \/>\n\t<meta name=\"twitter:data1\" content=\"4 minutos\" \/>\n<script type=\"application\/ld+json\" class=\"yoast-schema-graph\">{\"@context\":\"https:\\\/\\\/schema.org\",\"@graph\":[{\"@type\":\"WebPage\",\"@id\":\"https:\\\/\\\/www.xtresmataro.com\\\/es\\\/nuestras-salas\\\/\",\"url\":\"https:\\\/\\\/www.xtresmataro.com\\\/es\\\/nuestras-salas\\\/\",\"name\":\"Salas privadas con karaoke y realidad virtual | XTR3S Matar\u00f3\",\"isPartOf\":{\"@id\":\"https:\\\/\\\/www.xtresmataro.com\\\/#website\"},\"datePublished\":\"2017-06-29T10:52:23+00:00\",\"dateModified\":\"2025-02-28T21:21:41+00:00\",\"description\":\"Disfruta de nuestras salas privadas ideales para eventos especiales, karaoke, realidad virtual y mucho m\u00e1s. \u00a1Vis\u00edtanos en Matar\u00f3, a pocos Km de Barcelona!\",\"breadcrumb\":{\"@id\":\"https:\\\/\\\/www.xtresmataro.com\\\/es\\\/nuestras-salas\\\/#breadcrumb\"},\"inLanguage\":\"es\",\"potentialAction\":[{\"@type\":\"ReadAction\",\"target\":[\"https:\\\/\\\/www.xtresmataro.com\\\/es\\\/nuestras-salas\\\/\"]}]},{\"@type\":\"BreadcrumbList\",\"@id\":\"https:\\\/\\\/www.xtresmataro.com\\\/es\\\/nuestras-salas\\\/#breadcrumb\",\"itemListElement\":[{\"@type\":\"ListItem\",\"position\":1,\"name\":\"Portada\",\"item\":\"https:\\\/\\\/www.xtresmataro.com\\\/es\\\/\"},{\"@type\":\"ListItem\",\"position\":2,\"name\":\"Nuestras salas\"}]},{\"@type\":\"WebSite\",\"@id\":\"https:\\\/\\\/www.xtresmataro.com\\\/#website\",\"url\":\"https:\\\/\\\/www.xtresmataro.com\\\/\",\"name\":\"XTR3S Matar\u00f3 - Private Party Lounges\",\"description\":\"Disfruta d&#039;espais privats per a esdeveniments especials, karaoke, realitat virtual i molt m\u00e9s!\",\"potentialAction\":[{\"@type\":\"SearchAction\",\"target\":{\"@type\":\"EntryPoint\",\"urlTemplate\":\"https:\\\/\\\/www.xtresmataro.com\\\/?s={search_term_string}\"},\"query-input\":{\"@type\":\"PropertyValueSpecification\",\"valueRequired\":true,\"valueName\":\"search_term_string\"}}],\"inLanguage\":\"es\"}]}<\/script>\n<!-- \/ Yoast SEO plugin. -->","yoast_head_json":{"title":"Salas privadas con karaoke y realidad virtual | XTR3S Matar\u00f3","description":"Disfruta de nuestras salas privadas ideales para eventos especiales, karaoke, realidad virtual y mucho m\u00e1s. \u00a1Vis\u00edtanos en Matar\u00f3, a pocos Km de Barcelona!","robots":{"index":"index","follow":"follow","max-snippet":"max-snippet:-1","max-image-preview":"max-image-preview:large","max-video-preview":"max-video-preview:-1"},"canonical":"https:\/\/www.xtresmataro.com\/es\/nuestras-salas\/","og_locale":"es_ES","og_type":"article","og_title":"Salas privadas con karaoke y realidad virtual | XTR3S Matar\u00f3","og_description":"Disfruta de nuestras salas privadas ideales para eventos especiales, karaoke, realidad virtual y mucho m\u00e1s. \u00a1Vis\u00edtanos en Matar\u00f3, a pocos Km de Barcelona!","og_url":"https:\/\/www.xtresmataro.com\/es\/nuestras-salas\/","og_site_name":"XTR3S Matar\u00f3 - Private Party Lounges","article_modified_time":"2025-02-28T21:21:41+00:00","twitter_card":"summary_large_image","twitter_misc":{"Tiempo de lectura":"4 minutos"},"schema":{"@context":"https:\/\/schema.org","@graph":[{"@type":"WebPage","@id":"https:\/\/www.xtresmataro.com\/es\/nuestras-salas\/","url":"https:\/\/www.xtresmataro.com\/es\/nuestras-salas\/","name":"Salas privadas con karaoke y realidad virtual | XTR3S Matar\u00f3","isPartOf":{"@id":"https:\/\/www.xtresmataro.com\/#website"},"datePublished":"2017-06-29T10:52:23+00:00","dateModified":"2025-02-28T21:21:41+00:00","description":"Disfruta de nuestras salas privadas ideales para eventos especiales, karaoke, realidad virtual y mucho m\u00e1s. \u00a1Vis\u00edtanos en Matar\u00f3, a pocos Km de Barcelona!","breadcrumb":{"@id":"https:\/\/www.xtresmataro.com\/es\/nuestras-salas\/#breadcrumb"},"inLanguage":"es","potentialAction":[{"@type":"ReadAction","target":["https:\/\/www.xtresmataro.com\/es\/nuestras-salas\/"]}]},{"@type":"BreadcrumbList","@id":"https:\/\/www.xtresmataro.com\/es\/nuestras-salas\/#breadcrumb","itemListElement":[{"@type":"ListItem","position":1,"name":"Portada","item":"https:\/\/www.xtresmataro.com\/es\/"},{"@type":"ListItem","position":2,"name":"Nuestras salas"}]},{"@type":"WebSite","@id":"https:\/\/www.xtresmataro.com\/#website","url":"https:\/\/www.xtresmataro.com\/","name":"XTR3S Matar\u00f3 - Private Party Lounges","description":"Disfruta d&#039;espais privats per a esdeveniments especials, karaoke, realitat virtual i molt m\u00e9s!","potentialAction":[{"@type":"SearchAction","target":{"@type":"EntryPoint","urlTemplate":"https:\/\/www.xtresmataro.com\/?s={search_term_string}"},"query-input":{"@type":"PropertyValueSpecification","valueRequired":true,"valueName":"search_term_string"}}],"inLanguage":"es"}]}},"_links":{"self":[{"href":"https:\/\/www.xtresmataro.com\/es\/wp-json\/wp\/v2\/pages\/405","targetHints":{"allow":["GET"]}}],"collection":[{"href":"https:\/\/www.xtresmataro.com\/es\/wp-json\/wp\/v2\/pages"}],"about":[{"href":"https:\/\/www.xtresmataro.com\/es\/wp-json\/wp\/v2\/types\/page"}],"author":[{"embeddable":true,"href":"https:\/\/www.xtresmataro.com\/es\/wp-json\/wp\/v2\/users\/1"}],"replies":[{"embeddable":true,"href":"https:\/\/www.xtresmataro.com\/es\/wp-json\/wp\/v2\/comments?post=405"}],"version-history":[{"count":24,"href":"https:\/\/www.xtresmataro.com\/es\/wp-json\/wp\/v2\/pages\/405\/revisions"}],"predecessor-version":[{"id":1429,"href":"https:\/\/www.xtresmataro.com\/es\/wp-json\/wp\/v2\/pages\/405\/revisions\/1429"}],"wp:attachment":[{"href":"https:\/\/www.xtresmataro.com\/es\/wp-json\/wp\/v2\/media?parent=405"}],"curies":[{"name":"wp","href":"https:\/\/api.w.org\/{rel}","templated":true}]}}