{"id":491,"date":"2017-08-31T10:26:41","date_gmt":"2017-08-31T10:26:41","guid":{"rendered":"http:\/\/www.xtresmataro.com\/?page_id=491"},"modified":"2025-01-26T16:51:46","modified_gmt":"2025-01-26T16:51:46","slug":"karaoke","status":"publish","type":"page","link":"https:\/\/www.xtresmataro.com\/es\/karaoke\/","title":{"rendered":"Karaoke"},"content":{"rendered":"<p>[et_pb_section fb_built=\u00bb1&#8243; fullwidth=\u00bbon\u00bb admin_label=\u00bbSecci\u00f3n\u00bb module_class=\u00bbcabecera_apartado\u00bb _builder_version=\u00bb4.23&#8243; background_color=\u00bbrgba(255,255,255,0)\u00bb animation_style=\u00bbfade\u00bb transparent_background=\u00bbon\u00bb make_fullwidth=\u00bboff\u00bb use_custom_width=\u00bboff\u00bb width_unit=\u00bbon\u00bb global_colors_info=\u00bb{}\u00bb][et_pb_fullwidth_header title=\u00bbKaraoke\u00bb subhead=\u00bbDemuestra tus dotes musicales\u00bb text_orientation=\u00bbcenter\u00bb header_fullscreen=\u00bbon\u00bb background_overlay_color=\u00bbrgba(28,28,28,0.3)\u00bb content_max_width=\u00bbnone\u00bb admin_label=\u00bbT\u00edtulo de anchura completa\u00bb _builder_version=\u00bb4.16&#8243; title_font_size=\u00bb60px\u00bb content_font_size=\u00bb27px\u00bb subhead_font_size=\u00bb30px\u00bb background_color=\u00bbrgba(255, 255, 255, 0)\u00bb background_image=\u00bb\/wp-content\/uploads\/2017\/05\/Karaoke-1.jpg\u00bb title_font_size_tablet=\u00bb\u00bb title_font_size_phone=\u00bb30px\u00bb title_font_size_last_edited=\u00bbon|desktop\u00bb content_font_size_tablet=\u00bb\u00bb content_font_size_phone=\u00bb18px\u00bb content_font_size_last_edited=\u00bbon|phone\u00bb subhead_font_size_tablet=\u00bb22px\u00bb subhead_font_size_phone=\u00bb17px\u00bb subhead_font_size_last_edited=\u00bbon|phone\u00bb background_url=\u00bb\/wp-content\/uploads\/2017\/05\/Karaoke-1.jpg\u00bb button_one_letter_spacing_hover=\u00bb0&#8243; button_two_letter_spacing_hover=\u00bb0&#8243; global_colors_info=\u00bb{}\u00bb button_one_text_size__hover_enabled=\u00bboff\u00bb button_two_text_size__hover_enabled=\u00bboff\u00bb button_one_text_color__hover_enabled=\u00bboff\u00bb button_two_text_color__hover_enabled=\u00bboff\u00bb button_one_border_width__hover_enabled=\u00bboff\u00bb button_two_border_width__hover_enabled=\u00bboff\u00bb button_one_border_color__hover_enabled=\u00bboff\u00bb button_two_border_color__hover_enabled=\u00bboff\u00bb button_one_border_radius__hover_enabled=\u00bboff\u00bb button_two_border_radius__hover_enabled=\u00bboff\u00bb button_one_letter_spacing__hover_enabled=\u00bbon\u00bb button_one_letter_spacing__hover=\u00bb0&#8243; button_two_letter_spacing__hover_enabled=\u00bbon\u00bb button_two_letter_spacing__hover=\u00bb0&#8243; button_one_bg_color__hover_enabled=\u00bboff\u00bb button_two_bg_color__hover_enabled=\u00bboff\u00bb][\/et_pb_fullwidth_header][\/et_pb_section][et_pb_section fb_built=\u00bb1&#8243; admin_label=\u00bbsection\u00bb _builder_version=\u00bb4.23&#8243; animation_style=\u00bbfade\u00bb global_colors_info=\u00bb{}\u00bb][et_pb_row admin_label=\u00bbFila\u00bb _builder_version=\u00bb4.16&#8243; background_size=\u00bbinitial\u00bb background_position=\u00bbtop_left\u00bb background_repeat=\u00bbrepeat\u00bb width=\u00bb100%\u00bb max_width=\u00bb100%\u00bb make_fullwidth=\u00bboff\u00bb use_custom_width=\u00bbon\u00bb width_unit=\u00bboff\u00bb custom_width_px=\u00bb642px\u00bb custom_width_percent=\u00bb100%\u00bb global_colors_info=\u00bb{}\u00bb][et_pb_column type=\u00bb4_4&#8243; _builder_version=\u00bb4.16&#8243; custom_padding=\u00bb|||\u00bb global_colors_info=\u00bb{}\u00bb custom_padding__hover=\u00bb|||\u00bb][et_pb_text admin_label=\u00bbTexto\u00bb _builder_version=\u00bb4.16&#8243; background_size=\u00bbinitial\u00bb background_position=\u00bbtop_left\u00bb background_repeat=\u00bbrepeat\u00bb text_orientation=\u00bbcenter\u00bb module_alignment=\u00bbcenter\u00bb use_border_color=\u00bboff\u00bb border_color=\u00bb#ffffff\u00bb border_style=\u00bbsolid\u00bb global_colors_info=\u00bb{}\u00bb]<\/p>\n<h2 class=\"titulo_dorado_paginas\">Sala Karaoke<\/h2>\n<p>[\/et_pb_text][\/et_pb_column][\/et_pb_row][et_pb_row admin_label=\u00bbrow\u00bb _builder_version=\u00bb4.16&#8243; background_size=\u00bbinitial\u00bb background_position=\u00bbtop_left\u00bb background_repeat=\u00bbrepeat\u00bb global_colors_info=\u00bb{}\u00bb][et_pb_column type=\u00bb4_4&#8243; _builder_version=\u00bb4.16&#8243; custom_padding=\u00bb|||\u00bb global_colors_info=\u00bb{}\u00bb custom_padding__hover=\u00bb|||\u00bb][et_pb_text admin_label=\u00bbTexto\u00bb _builder_version=\u00bb4.23&#8243; background_size=\u00bbinitial\u00bb background_position=\u00bbtop_left\u00bb background_repeat=\u00bbrepeat\u00bb text_orientation=\u00bbjustified\u00bb hover_enabled=\u00bb0&#8243; use_border_color=\u00bboff\u00bb border_color=\u00bb#ffffff\u00bb border_style=\u00bbsolid\u00bb global_colors_info=\u00bb{}\u00bb sticky_enabled=\u00bb0&#8243;]<\/p>\n<p>Qu\u00e8 et semblaria si t\u2019ofer\u00edssim una sala privada on poder cantar \u2026 amb el millor so\u2026 on ning\u00fa m\u00e9s que tu i els teus amics pogu\u00e9ssiu cantar de forma privada\u2026 sense esperes\u2026amb un repertori de 30.000 can\u00e7ons en 6 idiomes actualitzat cada setmana\u2026 on poder venir amb els teus companys de feina, celebrar el teu aniversari o simplement venir i passar una bona estona sense cap pretext\u2026 on a m\u00e9s tinguessis una sala privada amb bot\u00f3 per poder avisar el cambrer o la cambrera i demanar sopar, la teva copa o refresc a la mateixa sala&#8230;<\/p>\n<p>Aquest lloc ja existeix&#8230; XTRES MATAR\u00d3!<\/p>\n<p>Tenim sales per a grups grans o petits. Amb capacitat a partir de 4 persones fins a 20. T\u2019oferim, a m\u00e9s, la possibilitat de tancar tot el local per a grans col\u00b7lectius o empreses. Tamb\u00e9 podem oferir-te c\u00e0tering per qualsevol ocasi\u00f3.<\/p>\n<p>Des del darrer \u00e8xit de la r\u00e0dio, passant per tots els temes cl\u00e0ssics i m\u00e9s famosos de tots els temps i estils. Tenim el cat\u00e0leg complert de KaraokeMedia\u00ae, marca l\u00edder en karaoke professional, imatge HD i so real a totes les seves can\u00e7ons. Gaudeix de 30.000 can\u00e7ons en catal\u00e0, castell\u00e0, angl\u00e8s, itali\u00e0, franc\u00e8s i alemany, en continua ampliaci\u00f3.<\/p>\n<p>[\/et_pb_text][\/et_pb_column][\/et_pb_row][et_pb_row admin_label=\u00bbrow\u00bb _builder_version=\u00bb4.16&#8243; background_size=\u00bbinitial\u00bb background_position=\u00bbtop_left\u00bb background_repeat=\u00bbrepeat\u00bb global_colors_info=\u00bb{}\u00bb][et_pb_column type=\u00bb4_4&#8243; _builder_version=\u00bb4.16&#8243; custom_padding=\u00bb|||\u00bb global_colors_info=\u00bb{}\u00bb custom_padding__hover=\u00bb|||\u00bb][et_pb_text admin_label=\u00bbText\u00bb _builder_version=\u00bb4.16&#8243; background_size=\u00bbinitial\u00bb background_position=\u00bbtop_left\u00bb background_repeat=\u00bbrepeat\u00bb use_border_color=\u00bboff\u00bb border_color=\u00bb#ffffff\u00bb border_style=\u00bbsolid\u00bb global_colors_info=\u00bb{}\u00bb]<\/p>\n<h2 class=\"titulo_dorado_paginas\" style=\"text-align: center;\">EQUIP KARAOKE<\/h2>\n<p>[\/et_pb_text][\/et_pb_column][\/et_pb_row][et_pb_row column_structure=\u00bb1_2,1_2&#8243; admin_label=\u00bbRow\u00bb _builder_version=\u00bb4.16&#8243; background_size=\u00bbinitial\u00bb background_position=\u00bbtop_left\u00bb background_repeat=\u00bbrepeat\u00bb global_colors_info=\u00bb{}\u00bb][et_pb_column type=\u00bb1_2&#8243; _builder_version=\u00bb4.16&#8243; custom_padding=\u00bb|||\u00bb global_colors_info=\u00bb{}\u00bb custom_padding__hover=\u00bb|||\u00bb][et_pb_text admin_label=\u00bbTexto\u00bb _builder_version=\u00bb4.16&#8243; background_size=\u00bbinitial\u00bb background_position=\u00bbtop_left\u00bb background_repeat=\u00bbrepeat\u00bb text_orientation=\u00bbjustified\u00bb use_border_color=\u00bboff\u00bb border_color=\u00bb#ffffff\u00bb border_style=\u00bbsolid\u00bb global_colors_info=\u00bb{}\u00bb]<\/p>\n<ul>\n<li>Potencia de 350w de sonido LD System<\/li>\n<li>Altavoces sat\u00e9lite superiores con 2 X 100W. rms<\/li>\n<li>Subwoofer LD 150W. rms<\/li>\n<li>Pantalla de 49\u2033 Full HD<\/li>\n<li>Mesa de mezclas Yamaha<\/li>\n<li>Microfon\u00eda SHURE<\/li>\n<li>Pantalla mural t\u00e1ctil de 24\u2033 para la b\u00fasqueda y selecci\u00f3n de canciones por nombre o artista<\/li>\n<li>Avisos en pantalla (pr\u00f3xima canci\u00f3n)<\/li>\n<li>Cambio de tono<\/li>\n<\/ul>\n<p>[\/et_pb_text][\/et_pb_column][et_pb_column type=\u00bb1_2&#8243; _builder_version=\u00bb4.16&#8243; custom_padding=\u00bb|||\u00bb global_colors_info=\u00bb{}\u00bb custom_padding__hover=\u00bb|||\u00bb][et_pb_image src=\u00bb\/wp-content\/uploads\/2017\/08\/OKE-BOX-MINI.jpg\u00bb align=\u00bbcenter\u00bb align_tablet=\u00bbcenter\u00bb align_phone=\u00bbcenter\u00bb align_last_edited=\u00bbon|desktop\u00bb admin_label=\u00bbImage\u00bb _builder_version=\u00bb4.23&#8243; animation_style=\u00bbslide\u00bb animation_direction=\u00bbleft\u00bb animation_duration=\u00bb500ms\u00bb animation_intensity_slide=\u00bb10%\u00bb use_border_color=\u00bboff\u00bb border_color=\u00bb#ffffff\u00bb border_style=\u00bbsolid\u00bb animation=\u00bbleft\u00bb sticky=\u00bboff\u00bb always_center_on_mobile=\u00bbon\u00bb global_colors_info=\u00bb{}\u00bb][\/et_pb_image][\/et_pb_column][\/et_pb_row][\/et_pb_section][et_pb_section fb_built=\u00bb1&#8243; inner_shadow=\u00bbon\u00bb admin_label=\u00bbsection\u00bb module_class=\u00bboro_bg\u00bb _builder_version=\u00bb4.16&#8243; background_color=\u00bbrgba(255,255,255,0)\u00bb animation_style=\u00bbfade\u00bb transparent_background=\u00bbon\u00bb make_fullwidth=\u00bboff\u00bb use_custom_width=\u00bboff\u00bb width_unit=\u00bbon\u00bb global_colors_info=\u00bb{}\u00bb][et_pb_row admin_label=\u00bbrow\u00bb _builder_version=\u00bb4.16&#8243; background_size=\u00bbinitial\u00bb background_position=\u00bbtop_left\u00bb background_repeat=\u00bbrepeat\u00bb global_colors_info=\u00bb{}\u00bb][et_pb_column type=\u00bb4_4&#8243; _builder_version=\u00bb4.16&#8243; custom_padding=\u00bb|||\u00bb global_colors_info=\u00bb{}\u00bb custom_padding__hover=\u00bb|||\u00bb][et_pb_cta title=\u00bb\u00bfA qu\u00e9 esperas?\u00bb button_url=\u00bbhttps:\/\/www.xtresmataro.com\/es\/contacto\/\u00bb button_text=\u00bbReserva\u00bb admin_label=\u00bbCall To Action\u00bb module_id=\u00bbcta_karaoke_page\u00bb _builder_version=\u00bb4.16&#8243; use_background_color=\u00bboff\u00bb background_size=\u00bbinitial\u00bb background_position=\u00bbtop_left\u00bb background_repeat=\u00bbrepeat\u00bb background_layout=\u00bblight\u00bb use_border_color=\u00bboff\u00bb border_color=\u00bb#ffffff\u00bb border_style=\u00bbsolid\u00bb button_letter_spacing_hover=\u00bb0&#8243; global_colors_info=\u00bb{}\u00bb button_text_size__hover_enabled=\u00bboff\u00bb button_one_text_size__hover_enabled=\u00bboff\u00bb button_two_text_size__hover_enabled=\u00bboff\u00bb button_text_color__hover_enabled=\u00bboff\u00bb button_one_text_color__hover_enabled=\u00bboff\u00bb button_two_text_color__hover_enabled=\u00bboff\u00bb button_border_width__hover_enabled=\u00bboff\u00bb button_one_border_width__hover_enabled=\u00bboff\u00bb button_two_border_width__hover_enabled=\u00bboff\u00bb button_border_color__hover_enabled=\u00bboff\u00bb button_one_border_color__hover_enabled=\u00bboff\u00bb button_two_border_color__hover_enabled=\u00bboff\u00bb button_border_radius__hover_enabled=\u00bboff\u00bb button_one_border_radius__hover_enabled=\u00bboff\u00bb button_two_border_radius__hover_enabled=\u00bboff\u00bb button_letter_spacing__hover_enabled=\u00bbon\u00bb button_letter_spacing__hover=\u00bb0&#8243; button_one_letter_spacing__hover_enabled=\u00bboff\u00bb button_two_letter_spacing__hover_enabled=\u00bboff\u00bb button_bg_color__hover_enabled=\u00bboff\u00bb button_one_bg_color__hover_enabled=\u00bboff\u00bb button_two_bg_color__hover_enabled=\u00bboff\u00bb]<\/p>\n<h2 class=\"txt_leisure\">Reserva ya tu sala de Karaoke.<\/h2>\n<p>[\/et_pb_cta][\/et_pb_column][\/et_pb_row][\/et_pb_section]<\/p>\n","protected":false},"excerpt":{"rendered":"<p>Sala Karaoke Qu\u00e8 et semblaria si t\u2019ofer\u00edssim una sala privada on poder cantar \u2026 amb el millor so\u2026 on ning\u00fa m\u00e9s que tu i els teus amics pogu\u00e9ssiu cantar de forma privada\u2026 sense esperes\u2026amb un repertori de 30.000 can\u00e7ons en 6 idiomes actualitzat cada setmana\u2026 on poder venir amb els teus companys de feina, celebrar [&hellip;]<\/p>\n","protected":false},"author":1,"featured_media":0,"parent":0,"menu_order":0,"comment_status":"closed","ping_status":"closed","template":"","meta":{"_et_pb_use_builder":"on","_et_pb_old_content":"","_et_gb_content_width":"","footnotes":""},"class_list":["post-491","page","type-page","status-publish","hentry"],"yoast_head":"<!-- This site is optimized with the Yoast SEO plugin v27.5 - https:\/\/yoast.com\/product\/yoast-seo-wordpress\/ -->\n<title>Sala de karaoke privado en Matar\u00f3 | XTR3S Matar\u00f3<\/title>\n<meta name=\"description\" content=\"\u00bfTe gusta cantar? Demuestra a tus amigos c\u00f3mo te las gastas con el micr\u00f3fono en nuestro karaoke de Matar\u00f3. \u00a130.000 temas para demostrar tus dotes musicales!\" \/>\n<meta name=\"robots\" content=\"index, follow, max-snippet:-1, max-image-preview:large, max-video-preview:-1\" \/>\n<link rel=\"canonical\" href=\"https:\/\/www.xtresmataro.com\/es\/karaoke\/\" \/>\n<meta property=\"og:locale\" content=\"es_ES\" \/>\n<meta property=\"og:type\" content=\"article\" \/>\n<meta property=\"og:title\" content=\"Sala de karaoke privado en Matar\u00f3 | XTR3S Matar\u00f3\" \/>\n<meta property=\"og:description\" content=\"\u00bfTe gusta cantar? Demuestra a tus amigos c\u00f3mo te las gastas con el micr\u00f3fono en nuestro karaoke de Matar\u00f3. \u00a130.000 temas para demostrar tus dotes musicales!\" \/>\n<meta property=\"og:url\" content=\"https:\/\/www.xtresmataro.com\/es\/karaoke\/\" \/>\n<meta property=\"og:site_name\" content=\"XTR3S Matar\u00f3 - Private Party Lounges\" \/>\n<meta property=\"article:modified_time\" content=\"2025-01-26T16:51:46+00:00\" \/>\n<meta name=\"twitter:card\" content=\"summary_large_image\" \/>\n<meta name=\"twitter:label1\" content=\"Tiempo de lectura\" \/>\n\t<meta name=\"twitter:data1\" content=\"3 minutos\" \/>\n<script type=\"application\/ld+json\" class=\"yoast-schema-graph\">{\"@context\":\"https:\\\/\\\/schema.org\",\"@graph\":[{\"@type\":\"WebPage\",\"@id\":\"https:\\\/\\\/www.xtresmataro.com\\\/es\\\/karaoke\\\/\",\"url\":\"https:\\\/\\\/www.xtresmataro.com\\\/es\\\/karaoke\\\/\",\"name\":\"Sala de karaoke privado en Matar\u00f3 | XTR3S Matar\u00f3\",\"isPartOf\":{\"@id\":\"https:\\\/\\\/www.xtresmataro.com\\\/#website\"},\"datePublished\":\"2017-08-31T10:26:41+00:00\",\"dateModified\":\"2025-01-26T16:51:46+00:00\",\"description\":\"\u00bfTe gusta cantar? Demuestra a tus amigos c\u00f3mo te las gastas con el micr\u00f3fono en nuestro karaoke de Matar\u00f3. \u00a130.000 temas para demostrar tus dotes musicales!\",\"breadcrumb\":{\"@id\":\"https:\\\/\\\/www.xtresmataro.com\\\/es\\\/karaoke\\\/#breadcrumb\"},\"inLanguage\":\"es\",\"potentialAction\":[{\"@type\":\"ReadAction\",\"target\":[\"https:\\\/\\\/www.xtresmataro.com\\\/es\\\/karaoke\\\/\"]}]},{\"@type\":\"BreadcrumbList\",\"@id\":\"https:\\\/\\\/www.xtresmataro.com\\\/es\\\/karaoke\\\/#breadcrumb\",\"itemListElement\":[{\"@type\":\"ListItem\",\"position\":1,\"name\":\"Portada\",\"item\":\"https:\\\/\\\/www.xtresmataro.com\\\/es\\\/\"},{\"@type\":\"ListItem\",\"position\":2,\"name\":\"Karaoke\"}]},{\"@type\":\"WebSite\",\"@id\":\"https:\\\/\\\/www.xtresmataro.com\\\/#website\",\"url\":\"https:\\\/\\\/www.xtresmataro.com\\\/\",\"name\":\"XTR3S Matar\u00f3 - Private Party Lounges\",\"description\":\"Disfruta d&#039;espais privats per a esdeveniments especials, karaoke, realitat virtual i molt m\u00e9s!\",\"potentialAction\":[{\"@type\":\"SearchAction\",\"target\":{\"@type\":\"EntryPoint\",\"urlTemplate\":\"https:\\\/\\\/www.xtresmataro.com\\\/?s={search_term_string}\"},\"query-input\":{\"@type\":\"PropertyValueSpecification\",\"valueRequired\":true,\"valueName\":\"search_term_string\"}}],\"inLanguage\":\"es\"}]}<\/script>\n<!-- \/ Yoast SEO plugin. -->","yoast_head_json":{"title":"Sala de karaoke privado en Matar\u00f3 | XTR3S Matar\u00f3","description":"\u00bfTe gusta cantar? Demuestra a tus amigos c\u00f3mo te las gastas con el micr\u00f3fono en nuestro karaoke de Matar\u00f3. \u00a130.000 temas para demostrar tus dotes musicales!","robots":{"index":"index","follow":"follow","max-snippet":"max-snippet:-1","max-image-preview":"max-image-preview:large","max-video-preview":"max-video-preview:-1"},"canonical":"https:\/\/www.xtresmataro.com\/es\/karaoke\/","og_locale":"es_ES","og_type":"article","og_title":"Sala de karaoke privado en Matar\u00f3 | XTR3S Matar\u00f3","og_description":"\u00bfTe gusta cantar? Demuestra a tus amigos c\u00f3mo te las gastas con el micr\u00f3fono en nuestro karaoke de Matar\u00f3. \u00a130.000 temas para demostrar tus dotes musicales!","og_url":"https:\/\/www.xtresmataro.com\/es\/karaoke\/","og_site_name":"XTR3S Matar\u00f3 - Private Party Lounges","article_modified_time":"2025-01-26T16:51:46+00:00","twitter_card":"summary_large_image","twitter_misc":{"Tiempo de lectura":"3 minutos"},"schema":{"@context":"https:\/\/schema.org","@graph":[{"@type":"WebPage","@id":"https:\/\/www.xtresmataro.com\/es\/karaoke\/","url":"https:\/\/www.xtresmataro.com\/es\/karaoke\/","name":"Sala de karaoke privado en Matar\u00f3 | XTR3S Matar\u00f3","isPartOf":{"@id":"https:\/\/www.xtresmataro.com\/#website"},"datePublished":"2017-08-31T10:26:41+00:00","dateModified":"2025-01-26T16:51:46+00:00","description":"\u00bfTe gusta cantar? Demuestra a tus amigos c\u00f3mo te las gastas con el micr\u00f3fono en nuestro karaoke de Matar\u00f3. \u00a130.000 temas para demostrar tus dotes musicales!","breadcrumb":{"@id":"https:\/\/www.xtresmataro.com\/es\/karaoke\/#breadcrumb"},"inLanguage":"es","potentialAction":[{"@type":"ReadAction","target":["https:\/\/www.xtresmataro.com\/es\/karaoke\/"]}]},{"@type":"BreadcrumbList","@id":"https:\/\/www.xtresmataro.com\/es\/karaoke\/#breadcrumb","itemListElement":[{"@type":"ListItem","position":1,"name":"Portada","item":"https:\/\/www.xtresmataro.com\/es\/"},{"@type":"ListItem","position":2,"name":"Karaoke"}]},{"@type":"WebSite","@id":"https:\/\/www.xtresmataro.com\/#website","url":"https:\/\/www.xtresmataro.com\/","name":"XTR3S Matar\u00f3 - Private Party Lounges","description":"Disfruta d&#039;espais privats per a esdeveniments especials, karaoke, realitat virtual i molt m\u00e9s!","potentialAction":[{"@type":"SearchAction","target":{"@type":"EntryPoint","urlTemplate":"https:\/\/www.xtresmataro.com\/?s={search_term_string}"},"query-input":{"@type":"PropertyValueSpecification","valueRequired":true,"valueName":"search_term_string"}}],"inLanguage":"es"}]}},"_links":{"self":[{"href":"https:\/\/www.xtresmataro.com\/es\/wp-json\/wp\/v2\/pages\/491","targetHints":{"allow":["GET"]}}],"collection":[{"href":"https:\/\/www.xtresmataro.com\/es\/wp-json\/wp\/v2\/pages"}],"about":[{"href":"https:\/\/www.xtresmataro.com\/es\/wp-json\/wp\/v2\/types\/page"}],"author":[{"embeddable":true,"href":"https:\/\/www.xtresmataro.com\/es\/wp-json\/wp\/v2\/users\/1"}],"replies":[{"embeddable":true,"href":"https:\/\/www.xtresmataro.com\/es\/wp-json\/wp\/v2\/comments?post=491"}],"version-history":[{"count":18,"href":"https:\/\/www.xtresmataro.com\/es\/wp-json\/wp\/v2\/pages\/491\/revisions"}],"predecessor-version":[{"id":1375,"href":"https:\/\/www.xtresmataro.com\/es\/wp-json\/wp\/v2\/pages\/491\/revisions\/1375"}],"wp:attachment":[{"href":"https:\/\/www.xtresmataro.com\/es\/wp-json\/wp\/v2\/media?parent=491"}],"curies":[{"name":"wp","href":"https:\/\/api.w.org\/{rel}","templated":true}]}}