{"id":889,"date":"2019-01-15T08:43:15","date_gmt":"2019-01-15T08:43:15","guid":{"rendered":"https:\/\/www.xtresmataro.com\/es\/?page_id=889"},"modified":"2019-01-15T08:43:15","modified_gmt":"2019-01-15T08:43:15","slug":"politica-de-cookies","status":"publish","type":"page","link":"https:\/\/www.xtresmataro.com\/es\/politica-de-cookies\/","title":{"rendered":"Pol\u00edtica de cookies"},"content":{"rendered":"<p>[et_pb_section admin_label=\u00bbsection\u00bb][et_pb_row admin_label=\u00bbrow\u00bb][et_pb_column type=\u00bb4_4&#8243;][et_pb_text admin_label=\u00bbText\u00bb background_layout=\u00bblight\u00bb text_orientation=\u00bbleft\u00bb use_border_color=\u00bboff\u00bb border_color=\u00bb#ffffff\u00bb border_style=\u00bbsolid\u00bb]<\/p>\n<h1 class=\"page-heading\">POL\u00cdTICA DE COOKIES<\/h1>\n<p>Esta web, al igual que la mayor\u00eda de webs\u00a0en Internet, usa cookies para mejorar la experiencia del usuario. A continuaci\u00f3n encontrar\u00e1 informaci\u00f3n sobre qu\u00e9 son las cookies, qu\u00e9 tipo de cookies utiliza esta web, c\u00f3mo puede desactivar las cookies en su navegador y c\u00f3mo desactivar espec\u00edficamente la instalaci\u00f3n de cookies de terceros. Si no encuentra la informaci\u00f3n espec\u00edfica que usted est\u00e1 buscando, por favor dir\u00edjase a\u00a0<a href=\"mailto:info@xtresmataro.com\">info@xtresmataro.com<\/a><\/p>\n<p><strong>\u00bfQu\u00e9 son las cookies?<\/strong><\/p>\n<p>Las cookies son peque\u00f1os archivos que algunas plataformas, como las p\u00e1ginas web, pueden instalar en su ordenador, smartphone, tableta o televisi\u00f3n conectada. Sus funciones pueden ser muy variadas: almacenar sus preferencias de navegaci\u00f3n, recopilar informaci\u00f3n estad\u00edstica, permitir ciertas funcionalidades t\u00e9cnicas, etc\u00e9tera. En ocasiones, las cookies se utilizan para almacenar informaci\u00f3n b\u00e1sica sobre los h\u00e1bitos de navegaci\u00f3n del usuario o de su equipo, hasta el punto, seg\u00fan los casos, de poder reconocerlo.<\/p>\n<p><strong>\u00bfPor qu\u00e9 son importantes?<\/strong><\/p>\n<p>Las cookies son \u00fatiles por varios motivos. Desde un punto de vista t\u00e9cnico, permiten que las p\u00e1ginas web funcionen de forma m\u00e1s \u00e1gil y adaptada a sus preferencias, como por ejemplo almacenar su idioma o la moneda de su pa\u00eds. Adem\u00e1s, ayudan a los responsables de los sitios web a mejorar los servicios que ofrecen, gracias a la informaci\u00f3n estad\u00edstica que recogen a trav\u00e9s de ellas.<\/p>\n<p><strong>\u00bfC\u00f3mo utilizamos las cookies?<\/strong><\/p>\n<p>Navegar por este portal supone que se puedan instalar los siguientes tipos de cookies:<\/p>\n<p><strong>Cookies de an\u00e1lisis estad\u00edstico<\/strong><\/p>\n<p>Son aquellas que, bien tratadas por nosotros o por terceros, permiten cuantificar el n\u00famero de visitantes y analizar estad\u00edsticamente la utilizaci\u00f3n que hacen los usuarios de nuestros servicios. Gracias a ello podemos estudiar la navegaci\u00f3n por nuestra p\u00e1gina web, y mejorar as\u00ed la oferta de productos o servicios que ofrecemos.<\/p>\n<p>Este an\u00e1lisis se realiza mediante herramientas que proporcionan terceros, en nuestro caso Google Inc., de los que puede obtener m\u00e1s informaci\u00f3n sobre sus pol\u00edticas de privacidad en:<\/p>\n<ul>\n<li><a href=\"https:\/\/www.google.com\/intl\/es\/policies\/technologies\/cookies\/\">Google Analytics<br \/>\n<\/a><a href=\"https:\/\/www.zopim.com\/privacy#cookie\"><br \/>\n<\/a><\/li>\n<\/ul>\n<p><strong>\u00bfC\u00f3mo puedo configurar mis preferencias?<\/strong><\/p>\n<p>Puede permitir, bloquear o eliminar las cookies instaladas en su equipo mediante la configuraci\u00f3n de las opciones de su navegador de internet.\u00a0<strong>En el caso en que las bloquee, es posible que ciertos servicios que necesitan su uso no est\u00e9n disponibles para usted.\u00a0<\/strong><\/p>\n<p>A continuaci\u00f3n le ofrecemos enlaces en los que encontrar\u00e1 informaci\u00f3n sobre c\u00f3mo puede activar sus preferencias en los principales navegadores:<\/p>\n<ul>\n<li><a href=\"https:\/\/support.google.com\/chrome\/bin\/answer.py?hl=es&amp;answer=95647\">Google Chrome<\/a><\/li>\n<li><a href=\"https:\/\/support.mozilla.org\/es\/kb\/cookies-informacion-que-los-sitios-web-guardan-en-?redirectlocale=en-US&amp;redirectslug=Cookies\">Mozilla Firefox<\/a><\/li>\n<li><a href=\"https:\/\/support.microsoft.com\/kb\/196955\/es\">Internet Explorer<\/a><\/li>\n<li><a href=\"https:\/\/www.lavanguardia.com\/cookiesSafari.html\">Safari<\/a><\/li>\n<li><a href=\"https:\/\/support.apple.com\/kb\/HT1677?viewlocale=es_ES\">Safari para IOS (iPhone, iPad)<\/a><\/li>\n<\/ul>\n<p>Si desea contactar con nosotros respecto nuestra pol\u00edtica de cookies, puede hacerlo en <a href=\"mailto:info@xtresmataro.com\">info@xtresmataro.com<\/a><\/p>\n<p>[\/et_pb_text][\/et_pb_column][\/et_pb_row][\/et_pb_section]<\/p>\n","protected":false},"excerpt":{"rendered":"<p>POL\u00cdTICA DE COOKIES Esta web, al igual que la mayor\u00eda de webs\u00a0en Internet, usa cookies para mejorar la experiencia del usuario. A continuaci\u00f3n encontrar\u00e1 informaci\u00f3n sobre qu\u00e9 son las cookies, qu\u00e9 tipo de cookies utiliza esta web, c\u00f3mo puede desactivar las cookies en su navegador y c\u00f3mo desactivar espec\u00edficamente la instalaci\u00f3n de cookies de terceros. [&hellip;]<\/p>\n","protected":false},"author":1,"featured_media":0,"parent":0,"menu_order":0,"comment_status":"closed","ping_status":"closed","template":"","meta":{"_et_pb_use_builder":"on","_et_pb_old_content":"","_et_gb_content_width":"","footnotes":""},"class_list":["post-889","page","type-page","status-publish","hentry"],"yoast_head":"<!-- This site is optimized with the Yoast SEO plugin v27.5 - https:\/\/yoast.com\/product\/yoast-seo-wordpress\/ -->\n<title>Salas privadas, karaoke y realidad virtual en Matar\u00f3 | XTR3S Matar\u00f3<\/title>\n<meta name=\"description\" content=\"Disponemos de espacios privados para que disfrutes de eventos especiales, karaoke, realidad virtual y mucho m\u00e1s. \u00a1Ven y disfruta de nuestras salas!\" \/>\n<meta name=\"robots\" content=\"index, follow, max-snippet:-1, max-image-preview:large, max-video-preview:-1\" \/>\n<link rel=\"canonical\" href=\"https:\/\/www.xtresmataro.com\/es\/politica-de-cookies\/\" \/>\n<meta property=\"og:locale\" content=\"es_ES\" \/>\n<meta property=\"og:type\" content=\"article\" \/>\n<meta property=\"og:title\" content=\"Salas privadas, karaoke y realidad virtual en Matar\u00f3 | XTR3S Matar\u00f3\" \/>\n<meta property=\"og:description\" content=\"Disponemos de espacios privados para que disfrutes de eventos especiales, karaoke, realidad virtual y mucho m\u00e1s. \u00a1Ven y disfruta de nuestras salas!\" \/>\n<meta property=\"og:url\" content=\"https:\/\/www.xtresmataro.com\/es\/politica-de-cookies\/\" \/>\n<meta property=\"og:site_name\" content=\"XTR3S Matar\u00f3 - Private Party Lounges\" \/>\n<meta name=\"twitter:card\" content=\"summary_large_image\" \/>\n<meta name=\"twitter:label1\" content=\"Tiempo de lectura\" \/>\n\t<meta name=\"twitter:data1\" content=\"3 minutos\" \/>\n<script type=\"application\/ld+json\" class=\"yoast-schema-graph\">{\"@context\":\"https:\\\/\\\/schema.org\",\"@graph\":[{\"@type\":\"WebPage\",\"@id\":\"https:\\\/\\\/www.xtresmataro.com\\\/es\\\/politica-de-cookies\\\/\",\"url\":\"https:\\\/\\\/www.xtresmataro.com\\\/es\\\/politica-de-cookies\\\/\",\"name\":\"Salas privadas, karaoke y realidad virtual en Matar\u00f3 | XTR3S Matar\u00f3\",\"isPartOf\":{\"@id\":\"https:\\\/\\\/www.xtresmataro.com\\\/#website\"},\"datePublished\":\"2019-01-15T08:43:15+00:00\",\"description\":\"Disponemos de espacios privados para que disfrutes de eventos especiales, karaoke, realidad virtual y mucho m\u00e1s. \u00a1Ven y disfruta de nuestras salas!\",\"breadcrumb\":{\"@id\":\"https:\\\/\\\/www.xtresmataro.com\\\/es\\\/politica-de-cookies\\\/#breadcrumb\"},\"inLanguage\":\"es\",\"potentialAction\":[{\"@type\":\"ReadAction\",\"target\":[\"https:\\\/\\\/www.xtresmataro.com\\\/es\\\/politica-de-cookies\\\/\"]}]},{\"@type\":\"BreadcrumbList\",\"@id\":\"https:\\\/\\\/www.xtresmataro.com\\\/es\\\/politica-de-cookies\\\/#breadcrumb\",\"itemListElement\":[{\"@type\":\"ListItem\",\"position\":1,\"name\":\"Portada\",\"item\":\"https:\\\/\\\/www.xtresmataro.com\\\/es\\\/\"},{\"@type\":\"ListItem\",\"position\":2,\"name\":\"Pol\u00edtica de cookies\"}]},{\"@type\":\"WebSite\",\"@id\":\"https:\\\/\\\/www.xtresmataro.com\\\/#website\",\"url\":\"https:\\\/\\\/www.xtresmataro.com\\\/\",\"name\":\"XTR3S Matar\u00f3 - Private Party Lounges\",\"description\":\"Disfruta d&#039;espais privats per a esdeveniments especials, karaoke, realitat virtual i molt m\u00e9s!\",\"potentialAction\":[{\"@type\":\"SearchAction\",\"target\":{\"@type\":\"EntryPoint\",\"urlTemplate\":\"https:\\\/\\\/www.xtresmataro.com\\\/?s={search_term_string}\"},\"query-input\":{\"@type\":\"PropertyValueSpecification\",\"valueRequired\":true,\"valueName\":\"search_term_string\"}}],\"inLanguage\":\"es\"}]}<\/script>\n<!-- \/ Yoast SEO plugin. -->","yoast_head_json":{"title":"Salas privadas, karaoke y realidad virtual en Matar\u00f3 | XTR3S Matar\u00f3","description":"Disponemos de espacios privados para que disfrutes de eventos especiales, karaoke, realidad virtual y mucho m\u00e1s. \u00a1Ven y disfruta de nuestras salas!","robots":{"index":"index","follow":"follow","max-snippet":"max-snippet:-1","max-image-preview":"max-image-preview:large","max-video-preview":"max-video-preview:-1"},"canonical":"https:\/\/www.xtresmataro.com\/es\/politica-de-cookies\/","og_locale":"es_ES","og_type":"article","og_title":"Salas privadas, karaoke y realidad virtual en Matar\u00f3 | XTR3S Matar\u00f3","og_description":"Disponemos de espacios privados para que disfrutes de eventos especiales, karaoke, realidad virtual y mucho m\u00e1s. \u00a1Ven y disfruta de nuestras salas!","og_url":"https:\/\/www.xtresmataro.com\/es\/politica-de-cookies\/","og_site_name":"XTR3S Matar\u00f3 - Private Party Lounges","twitter_card":"summary_large_image","twitter_misc":{"Tiempo de lectura":"3 minutos"},"schema":{"@context":"https:\/\/schema.org","@graph":[{"@type":"WebPage","@id":"https:\/\/www.xtresmataro.com\/es\/politica-de-cookies\/","url":"https:\/\/www.xtresmataro.com\/es\/politica-de-cookies\/","name":"Salas privadas, karaoke y realidad virtual en Matar\u00f3 | XTR3S Matar\u00f3","isPartOf":{"@id":"https:\/\/www.xtresmataro.com\/#website"},"datePublished":"2019-01-15T08:43:15+00:00","description":"Disponemos de espacios privados para que disfrutes de eventos especiales, karaoke, realidad virtual y mucho m\u00e1s. \u00a1Ven y disfruta de nuestras salas!","breadcrumb":{"@id":"https:\/\/www.xtresmataro.com\/es\/politica-de-cookies\/#breadcrumb"},"inLanguage":"es","potentialAction":[{"@type":"ReadAction","target":["https:\/\/www.xtresmataro.com\/es\/politica-de-cookies\/"]}]},{"@type":"BreadcrumbList","@id":"https:\/\/www.xtresmataro.com\/es\/politica-de-cookies\/#breadcrumb","itemListElement":[{"@type":"ListItem","position":1,"name":"Portada","item":"https:\/\/www.xtresmataro.com\/es\/"},{"@type":"ListItem","position":2,"name":"Pol\u00edtica de cookies"}]},{"@type":"WebSite","@id":"https:\/\/www.xtresmataro.com\/#website","url":"https:\/\/www.xtresmataro.com\/","name":"XTR3S Matar\u00f3 - Private Party Lounges","description":"Disfruta d&#039;espais privats per a esdeveniments especials, karaoke, realitat virtual i molt m\u00e9s!","potentialAction":[{"@type":"SearchAction","target":{"@type":"EntryPoint","urlTemplate":"https:\/\/www.xtresmataro.com\/?s={search_term_string}"},"query-input":{"@type":"PropertyValueSpecification","valueRequired":true,"valueName":"search_term_string"}}],"inLanguage":"es"}]}},"_links":{"self":[{"href":"https:\/\/www.xtresmataro.com\/es\/wp-json\/wp\/v2\/pages\/889","targetHints":{"allow":["GET"]}}],"collection":[{"href":"https:\/\/www.xtresmataro.com\/es\/wp-json\/wp\/v2\/pages"}],"about":[{"href":"https:\/\/www.xtresmataro.com\/es\/wp-json\/wp\/v2\/types\/page"}],"author":[{"embeddable":true,"href":"https:\/\/www.xtresmataro.com\/es\/wp-json\/wp\/v2\/users\/1"}],"replies":[{"embeddable":true,"href":"https:\/\/www.xtresmataro.com\/es\/wp-json\/wp\/v2\/comments?post=889"}],"version-history":[{"count":1,"href":"https:\/\/www.xtresmataro.com\/es\/wp-json\/wp\/v2\/pages\/889\/revisions"}],"predecessor-version":[{"id":891,"href":"https:\/\/www.xtresmataro.com\/es\/wp-json\/wp\/v2\/pages\/889\/revisions\/891"}],"wp:attachment":[{"href":"https:\/\/www.xtresmataro.com\/es\/wp-json\/wp\/v2\/media?parent=889"}],"curies":[{"name":"wp","href":"https:\/\/api.w.org\/{rel}","templated":true}]}}