{"id":908,"date":"2019-03-22T09:34:18","date_gmt":"2019-03-22T09:34:18","guid":{"rendered":"https:\/\/www.xtresmataro.com\/?page_id=908"},"modified":"2019-09-19T09:03:28","modified_gmt":"2019-09-19T09:03:28","slug":"politica-de-privacidad","status":"publish","type":"page","link":"https:\/\/www.xtresmataro.com\/es\/politica-de-privacidad\/","title":{"rendered":"Pol\u00edtica de privacidad"},"content":{"rendered":"<p>[et_pb_section admin_label=\u00bbsection\u00bb][et_pb_row admin_label=\u00bbrow\u00bb][et_pb_column type=\u00bb4_4&#8243;][et_pb_text admin_label=\u00bbText\u00bb background_layout=\u00bblight\u00bb text_orientation=\u00bbleft\u00bb use_border_color=\u00bboff\u00bb border_color=\u00bb#ffffff\u00bb border_style=\u00bbsolid\u00bb]<\/p>\n<h1 class=\"page-heading\">AVISO LEGAL<\/h1>\n<p>En cumplimiento del art\u00edculo 10 de la Ley 34\/2002, de \u00a011 de julio, de Servicios de la Sociedad de la Informaci\u00f3n y Comercio Electr\u00f3nico (LSSICE) a continuaci\u00f3n se detallan los datos identificativos de la entidad:<\/p>\n<p>Xtresmataro<\/p>\n<p>Raz\u00f3n social: PRIVATE LOUNGES MATARO GRUP SL<\/p>\n<p>NIF: B66967787<\/p>\n<p>Direcci\u00f3n: C\/ PABLO IGLESIAS, 56\u00a0 (POL. IN D. PLA D&#8217;EN BOET) &#8211; 08302 &#8211; MATARO &#8211; BARCELONA<\/p>\n<p>Tel\u00e9fono: \u00a0<a href=\"tel:640 862 890\">640 862 890<\/a><\/p>\n<p>Email: <a href=\"mailto:info@xtresmataro.com\">info@xtresmataro.com<\/a><\/p>\n<p><strong>Finalidad de la p\u00e1gina web.<\/strong><\/p>\n<p>Atender consultas y peticiones de los usuarios.<\/p>\n<p>El presente aviso legal (en adelante, el \u00abAviso Legal\u00bb) regula el uso del sitio web: <a href=\"https:\/\/www.xtresmataro.com\/es\/\">https:\/\/www.xtresmataro.com\/es\/<\/a><\/p>\n<p><strong>Legislaci\u00f3n.<\/strong><\/p>\n<p>Con car\u00e1cter general las relaciones entre PRIVATE LOUNGES MATARO GRUP SL xtresmataro y los Usuarios de sus servicios telem\u00e1ticos, presentes en este sitio web, se encuentran sometidas a la legislaci\u00f3n y jurisdicci\u00f3n espa\u00f1olas.<\/p>\n<p><strong>Uso y acceso de usuarios.<\/strong><\/p>\n<p>El Usuario queda informado, y acepta, que el acceso a la presente web no supone, en modo alguno, el inicio de una relaci\u00f3n comercial con PRIVATE LOUNGES MATARO GRUP SL xtresmataro o cualquiera de sus delegaciones.<\/p>\n<p><strong>Propiedad intelectual e industrial.<\/strong><\/p>\n<p>Los derechos de propiedad intelectual del contenido de las p\u00e1ginas web, su dise\u00f1o gr\u00e1fico y c\u00f3digos son titularidad de PRIVATE LOUNGES MATARO GRUP SL xtresmataro y, por tanto, queda prohibida su reproducci\u00f3n, distribuci\u00f3n, comunicaci\u00f3n p\u00fablica, transformaci\u00f3n o cualquier otra actividad que se pueda realizar con los contenidos de sus p\u00e1ginas web ni aun citando las fuentes, salvo consentimiento por escrito de PRIVATE LOUNGES MATARO GRUP SL xtresmataro.<\/p>\n<p><strong>Contenido de la web y enlaces (links).<\/strong><\/p>\n<p>PRIVATE LOUNGES MATARO GRUP SL xtresmataro \u00a0se reserva el derecho a actualizar, modificar o eliminar la informaci\u00f3n contenida en sus p\u00e1ginas web pudiendo incluso limitar o no permitir el acceso a dicha informaci\u00f3n a ciertos usuarios.<\/p>\n<p>PRIVATE LOUNGES MATARO GRUP SL xtresmataro no asume responsabilidad alguna por la informaci\u00f3n contenida en p\u00e1ginas web de terceros a las que se pueda acceder por \u00ablinks\u00bb o enlaces desde cualquier p\u00e1gina web propiedad de PRIVATE LOUNGES MATARO GRUP SL xtresmataro. La presencia de \u00ablinks\u00bb o enlaces en las p\u00e1ginas web de PRIVATE LOUNGES MATARO GRUP SL xtresmataro tiene finalidad meramente informativa y en ning\u00fan caso supone sugerencia, invitaci\u00f3n o recomendaci\u00f3n sobre los mismos.<\/p>\n<p>&nbsp;<\/p>\n<p>[\/et_pb_text][\/et_pb_column][\/et_pb_row][\/et_pb_section]<\/p>\n","protected":false},"excerpt":{"rendered":"<p>AVISO LEGAL En cumplimiento del art\u00edculo 10 de la Ley 34\/2002, de \u00a011 de julio, de Servicios de la Sociedad de la Informaci\u00f3n y Comercio Electr\u00f3nico (LSSICE) a continuaci\u00f3n se detallan los datos identificativos de la entidad: Xtresmataro Raz\u00f3n social: PRIVATE LOUNGES MATARO GRUP SL NIF: B66967787 Direcci\u00f3n: C\/ PABLO IGLESIAS, 56\u00a0 (POL. IN D. [&hellip;]<\/p>\n","protected":false},"author":4,"featured_media":0,"parent":0,"menu_order":0,"comment_status":"closed","ping_status":"closed","template":"","meta":{"_et_pb_use_builder":"on","_et_pb_old_content":"","_et_gb_content_width":"","footnotes":""},"class_list":["post-908","page","type-page","status-publish","hentry"],"yoast_head":"<!-- This site is optimized with the Yoast SEO plugin v27.5 - https:\/\/yoast.com\/product\/yoast-seo-wordpress\/ -->\n<title>Salas privadas, karaoke y realidad virtual en Matar\u00f3 | XTR3S Matar\u00f3<\/title>\n<meta name=\"description\" content=\"Disponemos de espacios privados para que disfrutes de eventos especiales, karaoke, realidad virtual y mucho m\u00e1s. \u00a1Ven y disfruta de nuestras salas!\" \/>\n<meta name=\"robots\" content=\"index, follow, max-snippet:-1, max-image-preview:large, max-video-preview:-1\" \/>\n<link rel=\"canonical\" href=\"https:\/\/www.xtresmataro.com\/es\/politica-de-privacidad\/\" \/>\n<meta property=\"og:locale\" content=\"es_ES\" \/>\n<meta property=\"og:type\" content=\"article\" \/>\n<meta property=\"og:title\" content=\"Salas privadas, karaoke y realidad virtual en Matar\u00f3 | XTR3S Matar\u00f3\" \/>\n<meta property=\"og:description\" content=\"Disponemos de espacios privados para que disfrutes de eventos especiales, karaoke, realidad virtual y mucho m\u00e1s. \u00a1Ven y disfruta de nuestras salas!\" \/>\n<meta property=\"og:url\" content=\"https:\/\/www.xtresmataro.com\/es\/politica-de-privacidad\/\" \/>\n<meta property=\"og:site_name\" content=\"XTR3S Matar\u00f3 - Private Party Lounges\" \/>\n<meta property=\"article:modified_time\" content=\"2019-09-19T09:03:28+00:00\" \/>\n<meta name=\"twitter:card\" content=\"summary_large_image\" \/>\n<meta name=\"twitter:label1\" content=\"Tiempo de lectura\" \/>\n\t<meta name=\"twitter:data1\" content=\"2 minutos\" \/>\n<script type=\"application\/ld+json\" class=\"yoast-schema-graph\">{\"@context\":\"https:\\\/\\\/schema.org\",\"@graph\":[{\"@type\":\"WebPage\",\"@id\":\"https:\\\/\\\/www.xtresmataro.com\\\/es\\\/politica-de-privacidad\\\/\",\"url\":\"https:\\\/\\\/www.xtresmataro.com\\\/es\\\/politica-de-privacidad\\\/\",\"name\":\"Salas privadas, karaoke y realidad virtual en Matar\u00f3 | XTR3S Matar\u00f3\",\"isPartOf\":{\"@id\":\"https:\\\/\\\/www.xtresmataro.com\\\/#website\"},\"datePublished\":\"2019-03-22T09:34:18+00:00\",\"dateModified\":\"2019-09-19T09:03:28+00:00\",\"description\":\"Disponemos de espacios privados para que disfrutes de eventos especiales, karaoke, realidad virtual y mucho m\u00e1s. \u00a1Ven y disfruta de nuestras salas!\",\"breadcrumb\":{\"@id\":\"https:\\\/\\\/www.xtresmataro.com\\\/es\\\/politica-de-privacidad\\\/#breadcrumb\"},\"inLanguage\":\"es\",\"potentialAction\":[{\"@type\":\"ReadAction\",\"target\":[\"https:\\\/\\\/www.xtresmataro.com\\\/es\\\/politica-de-privacidad\\\/\"]}]},{\"@type\":\"BreadcrumbList\",\"@id\":\"https:\\\/\\\/www.xtresmataro.com\\\/es\\\/politica-de-privacidad\\\/#breadcrumb\",\"itemListElement\":[{\"@type\":\"ListItem\",\"position\":1,\"name\":\"Portada\",\"item\":\"https:\\\/\\\/www.xtresmataro.com\\\/es\\\/\"},{\"@type\":\"ListItem\",\"position\":2,\"name\":\"Pol\u00edtica de privacidad\"}]},{\"@type\":\"WebSite\",\"@id\":\"https:\\\/\\\/www.xtresmataro.com\\\/#website\",\"url\":\"https:\\\/\\\/www.xtresmataro.com\\\/\",\"name\":\"XTR3S Matar\u00f3 - Private Party Lounges\",\"description\":\"Disfruta d&#039;espais privats per a esdeveniments especials, karaoke, realitat virtual i molt m\u00e9s!\",\"potentialAction\":[{\"@type\":\"SearchAction\",\"target\":{\"@type\":\"EntryPoint\",\"urlTemplate\":\"https:\\\/\\\/www.xtresmataro.com\\\/?s={search_term_string}\"},\"query-input\":{\"@type\":\"PropertyValueSpecification\",\"valueRequired\":true,\"valueName\":\"search_term_string\"}}],\"inLanguage\":\"es\"}]}<\/script>\n<!-- \/ Yoast SEO plugin. -->","yoast_head_json":{"title":"Salas privadas, karaoke y realidad virtual en Matar\u00f3 | XTR3S Matar\u00f3","description":"Disponemos de espacios privados para que disfrutes de eventos especiales, karaoke, realidad virtual y mucho m\u00e1s. \u00a1Ven y disfruta de nuestras salas!","robots":{"index":"index","follow":"follow","max-snippet":"max-snippet:-1","max-image-preview":"max-image-preview:large","max-video-preview":"max-video-preview:-1"},"canonical":"https:\/\/www.xtresmataro.com\/es\/politica-de-privacidad\/","og_locale":"es_ES","og_type":"article","og_title":"Salas privadas, karaoke y realidad virtual en Matar\u00f3 | XTR3S Matar\u00f3","og_description":"Disponemos de espacios privados para que disfrutes de eventos especiales, karaoke, realidad virtual y mucho m\u00e1s. \u00a1Ven y disfruta de nuestras salas!","og_url":"https:\/\/www.xtresmataro.com\/es\/politica-de-privacidad\/","og_site_name":"XTR3S Matar\u00f3 - Private Party Lounges","article_modified_time":"2019-09-19T09:03:28+00:00","twitter_card":"summary_large_image","twitter_misc":{"Tiempo de lectura":"2 minutos"},"schema":{"@context":"https:\/\/schema.org","@graph":[{"@type":"WebPage","@id":"https:\/\/www.xtresmataro.com\/es\/politica-de-privacidad\/","url":"https:\/\/www.xtresmataro.com\/es\/politica-de-privacidad\/","name":"Salas privadas, karaoke y realidad virtual en Matar\u00f3 | XTR3S Matar\u00f3","isPartOf":{"@id":"https:\/\/www.xtresmataro.com\/#website"},"datePublished":"2019-03-22T09:34:18+00:00","dateModified":"2019-09-19T09:03:28+00:00","description":"Disponemos de espacios privados para que disfrutes de eventos especiales, karaoke, realidad virtual y mucho m\u00e1s. \u00a1Ven y disfruta de nuestras salas!","breadcrumb":{"@id":"https:\/\/www.xtresmataro.com\/es\/politica-de-privacidad\/#breadcrumb"},"inLanguage":"es","potentialAction":[{"@type":"ReadAction","target":["https:\/\/www.xtresmataro.com\/es\/politica-de-privacidad\/"]}]},{"@type":"BreadcrumbList","@id":"https:\/\/www.xtresmataro.com\/es\/politica-de-privacidad\/#breadcrumb","itemListElement":[{"@type":"ListItem","position":1,"name":"Portada","item":"https:\/\/www.xtresmataro.com\/es\/"},{"@type":"ListItem","position":2,"name":"Pol\u00edtica de privacidad"}]},{"@type":"WebSite","@id":"https:\/\/www.xtresmataro.com\/#website","url":"https:\/\/www.xtresmataro.com\/","name":"XTR3S Matar\u00f3 - Private Party Lounges","description":"Disfruta d&#039;espais privats per a esdeveniments especials, karaoke, realitat virtual i molt m\u00e9s!","potentialAction":[{"@type":"SearchAction","target":{"@type":"EntryPoint","urlTemplate":"https:\/\/www.xtresmataro.com\/?s={search_term_string}"},"query-input":{"@type":"PropertyValueSpecification","valueRequired":true,"valueName":"search_term_string"}}],"inLanguage":"es"}]}},"_links":{"self":[{"href":"https:\/\/www.xtresmataro.com\/es\/wp-json\/wp\/v2\/pages\/908","targetHints":{"allow":["GET"]}}],"collection":[{"href":"https:\/\/www.xtresmataro.com\/es\/wp-json\/wp\/v2\/pages"}],"about":[{"href":"https:\/\/www.xtresmataro.com\/es\/wp-json\/wp\/v2\/types\/page"}],"author":[{"embeddable":true,"href":"https:\/\/www.xtresmataro.com\/es\/wp-json\/wp\/v2\/users\/4"}],"replies":[{"embeddable":true,"href":"https:\/\/www.xtresmataro.com\/es\/wp-json\/wp\/v2\/comments?post=908"}],"version-history":[{"count":7,"href":"https:\/\/www.xtresmataro.com\/es\/wp-json\/wp\/v2\/pages\/908\/revisions"}],"predecessor-version":[{"id":932,"href":"https:\/\/www.xtresmataro.com\/es\/wp-json\/wp\/v2\/pages\/908\/revisions\/932"}],"wp:attachment":[{"href":"https:\/\/www.xtresmataro.com\/es\/wp-json\/wp\/v2\/media?parent=908"}],"curies":[{"name":"wp","href":"https:\/\/api.w.org\/{rel}","templated":true}]}}